{"id":1673,"date":"2022-10-30T10:43:41","date_gmt":"2022-10-30T09:43:41","guid":{"rendered":"https:\/\/old.ubytovnaprima.sk\/cennik\/"},"modified":"2023-07-10T22:34:46","modified_gmt":"2023-07-10T20:34:46","slug":"cennik","status":"publish","type":"page","link":"https:\/\/prisluby.ubytovnaprima.sk\/ru\/c2\/cennik\/","title":{"rendered":"\u041f\u0440\u0435\u0439\u0441\u043a\u0443\u0440\u0430\u043d\u0442"},"content":{"rendered":"","protected":false},"excerpt":{"rendered":"","protected":false},"author":2,"featured_media":0,"parent":1699,"menu_order":2,"comment_status":"closed","ping_status":"closed","template":"","meta":{"ct_builder_shortcodes":"[ct_section ct_sign_sha256='ea05f690ccb0c8d881445c544643b659f9ba0d89c54e7e64dc773743d937ce01' ct_options='{\"ct_id\":2,\"ct_parent\":0,\"selector\":\"section-2-95\",\"original\":{\"image_type\":\"2\",\"attachment_size\":\"full\",\"gap\":\"15\",\"background-color\":\"color(7)\"},\"nicename\":\"nadpis\",\"activeselector\":false,\"ct_depth\":1}'][ct_div_block_2 ct_sign_sha256='cd5823802a19e25e81cd5022b51df8552ee8c43bf5ecff85fc0e5250f4824fca' ct_options='{\"ct_id\":3,\"ct_parent\":2,\"selector\":\"div_block-3-95\",\"original\":{\"image_type\":\"2\",\"attachment_size\":\"full\",\"width-unit\":\"%\",\"width\":\"100\",\"align-items\":\"center\",\"flex-direction\":\"row\",\"display\":\"flex\",\"justify-content\":\"center\",\"gap\":\"10\"},\"nicename\":\"container\",\"media\":{\"tablet\":{\"original\":{\"text-align\":\"center\",\"flex-direction\":\"column\",\"display\":\"flex\"}}},\"ct_depth\":2}'][ct_text_block ct_sign_sha256='140c5bdb430e9e6919d72593d3970c8e1b5f1150e1f9eccff79bdb1234f1575e' ct_options='{\"ct_id\":4,\"ct_parent\":3,\"selector\":\"text_block-4-95\",\"original\":{\"image_type\":\"2\",\"attachment_size\":\"full\",\"font-size\":\"40\",\"text-transform\":\"uppercase\",\"font-weight\":\"700\",\"line-height\":\"1\",\"color\":\"color(2)\"},\"nicename\":\"text\",\"media\":{\"tablet\":{\"original\":{\"font-size\":\"35\"}},\"phone-portrait\":{\"original\":{\"font-size\":\"25\"}}},\"ct_depth\":3}'][ct_span ct_sign_sha256='b3ecab58f795e3e9e1458c0bae5109b7b192258b7634174ad2f0bc43addd6c37' ct_options='{\"ct_id\":5,\"ct_parent\":4,\"selector\":\"span-5-95\",\"nicename\":\"Span (#93)\",\"ct_depth\":4}'][oxygen ct_sign_sha256=\"7906ebd3970c80b07c2f275a0d95d807238c676e414e108485c5dae1bec85f9a\" data=\"title\"][\/ct_span][\/ct_text_block][\/ct_div_block_2][\/ct_section][ct_section ct_sign_sha256='f6d7fc80394a5c9abc25e670ac6014ca8ec1661d58889930e323c99190361695' ct_options='{\"ct_id\":63,\"ct_parent\":0,\"selector\":\"section-63-95\",\"original\":{\"image_type\":\"2\",\"attachment_size\":\"full\",\"section-width\":\"page-width\",\"width-unit\":\"px\"},\"nicename\":\"izby\",\"activeselector\":false,\"classes\":{},\"media\":{\"tablet\":{\"original\":{\"text-align\":\"left\",\"align-items\":\"center\"}}},\"ct_depth\":1}'][ct_div_block_2 ct_sign_sha256='89057f470e35cb18e6d8476e138d04d57aa48a05eb45bc1302d4f1e2f450a787' ct_options='{\"ct_id\":64,\"ct_parent\":63,\"selector\":\"div_block-64-95\",\"original\":{\"image_type\":\"2\",\"attachment_size\":\"full\",\"width-unit\":\"%\",\"width\":\"100\"},\"nicename\":\"row\",\"media\":{\"page-width\":{\"original\":{\"text-align\":\"left\",\"display\":\"flex\"}}},\"classes\":{\"0\":\"max-width\"},\"ct_depth\":2}'][ct_div_block_3 ct_sign_sha256='f86746732630c5f29e31b13b4c99ee016ee3dffea6d9a9c8def3bb362ae5950f' ct_options='{\"ct_id\":65,\"ct_parent\":64,\"selector\":\"div_block-65-95\",\"original\":{\"image_type\":\"2\",\"attachment_size\":\"full\",\"gap\":\"30\",\"text-align\":\"left\",\"align-items\":\"center\"},\"nicename\":\"column 1\",\"media\":{\"page-width\":{\"original\":{\"max-width\":\"100\",\"max-width-unit\":\"%\",\"text-align\":\"left\"}}},\"ct_depth\":3}'][oxy_rich_text ct_sign_sha256='0f385757aaf75d52c626c19f2e2d1087a6b5d260127a835fa51e55e6e6a0ce4c' ct_options='{\"ct_id\":66,\"ct_parent\":65,\"selector\":\"_rich_text-66-95\",\"original\":{\"image_type\":\"2\",\"attachment_size\":\"full\",\"text-align\":\"center\"},\"nicename\":\"text\",\"ct_depth\":4}']<p>Izby na ubytovni maj\u00fa <strong>renovovan\u00fd n\u00e1bytok, podlahy a okn\u00e1<\/strong>. Na bunke sa nach\u00e1dza <strong>rekon\u0161truovan\u00e9 soci\u00e1lne zariadenie.<br \/>Moderne zariaden\u00e9 kuchyne <\/strong>n\u00e1jdete\u00a0na ka\u017edom poschod\u00ed. Izby s\u00fa vybaven\u00e9 vlastnou <strong>chladni\u010dkou<\/strong>.<\/p>[\/oxy_rich_text][ct_div_block_4 ct_sign_sha256='da750ce30f1d06cd28cbc2ae14b117bbe813f1ee759ed23161a07163e4b89cc8' ct_options='{\"ct_id\":67,\"ct_parent\":65,\"selector\":\"div_block-67-95\",\"original\":{\"image_type\":\"2\",\"attachment_size\":\"full\",\"text-align\":\"left\",\"flex-direction\":\"row\",\"display\":\"flex\",\"gap\":\"30\"},\"nicename\":\"container\",\"media\":{\"page-width\":{\"original\":{\"flex-direction\":\"column\",\"display\":\"flex\"}}},\"ct_depth\":4}'][ct_div_block_5 ct_sign_sha256='91b6882bd19c3dc9280bd5a3bd676f3ce4a983307a2508290b0ba34e735020b5' ct_options='{\"ct_id\":68,\"ct_parent\":67,\"selector\":\"div_block-68-95\",\"original\":{\"image_type\":\"2\",\"attachment_size\":\"full\",\"width-unit\":\"%\",\"width\":\"100\",\"max-width\":\"300\"},\"nicename\":\"column 1\",\"media\":{\"page-width\":{\"original\":{\"max-width-unit\":\"%\",\"max-width\":\"100\"}}},\"ct_depth\":5}'][oxy_dynamic_list_6 ct_sign_sha256='b34b315140d2d7ce99f4dbddc725ec4ba180d5266b4b9bc41608463f8bc0fb7f' ct_options='{\"ct_id\":69,\"ct_parent\":68,\"selector\":\"_dynamic_list-69-95\",\"original\":{\"image_type\":\"2\",\"attachment_size\":\"full\",\"wp_query\":\"default\",\"use_acf_repeater\":\"true\",\"acf_repeater\":\"field_63907e5d6aeae\",\"flex-direction\":\"row\",\"display\":\"flex\",\"gap\":\"30\",\"margin-bottom\":\"20\",\"conditionspreview\":\"0\"},\"nicename\":\"repeater\",\"activeselector\":false,\"media\":{\"tablet\":{\"original\":{\"display\":\"flex\",\"flex-direction\":\"column\",\"align-items\":\"center\"}}},\"ct_depth\":6}'][ct_div_block_7 ct_sign_sha256='2d1161dc0bb4b78caf8ce5dd162ae55068930c2bbc47fe3e63edaa55d9652725' ct_options='{\"ct_id\":70,\"ct_parent\":69,\"selector\":\"div_block-70-95\",\"original\":{\"width-unit\":\"%\",\"flex-direction\":\"column\",\"display\":\"flex\",\"justify-content\":\"flex-start\",\"align-items\":\"center\",\"gap\":\"0\",\"background-color\":\"color(7)\",\"width\":\"100\",\"border-radius\":\"12\",\"text-align\":\"left\",\"position\":\"relative\",\"padding-top\":\"20\",\"padding-right\":\"20\",\"padding-bottom\":\"20\",\"padding-left\":\"20\"},\"nicename\":\"container\",\"media\":{\"tablet\":{\"original\":{\"text-align\":\"left\"}}},\"classes\":{},\"ct_depth\":7}'][ct_text_block ct_sign_sha256='3ec4e0061c1255bd8839058ddbd7bb99aedfa791ac8cc52d894081c3b159cb68' ct_options='{\"ct_id\":71,\"ct_parent\":70,\"selector\":\"text_block-71-95\",\"original\":{\"image_type\":\"2\",\"attachment_size\":\"full\",\"font-weight\":\"600\"},\"nicename\":\"text\",\"ct_depth\":8}'][ct_span ct_sign_sha256='b83eebbb3b57e8fcb75038e54228b7e93f788c9709bf5ccdacdcded20ad61fec' ct_options='{\"ct_id\":72,\"ct_parent\":71,\"selector\":\"span-72-95\",\"nicename\":\"po\u010det noc\u00ed\",\"ct_depth\":9}'][oxygen ct_sign_sha256=\"abc7ccfe2f5d1df9bc9b582e6db0dbadc50494332ce5c5f83229ae57912ca479\" data=\"acfreparray\" field=\"pocet_noci\" repeater=\"field_637f62b267978\"][\/ct_span][\/ct_text_block][ct_text_block ct_sign_sha256='29065942480677494c37e871bcd29d905be07d3992fb95033643a681fdd69b25' ct_options='{\"ct_id\":73,\"ct_parent\":70,\"selector\":\"text_block-73-95\",\"original\":{\"image_type\":\"2\",\"attachment_size\":\"full\",\"text-align\":\"left\"},\"nicename\":\"text\",\"media\":{\"tablet\":{\"original\":{\"text-align\":\"center\"}},\"phone-landscape\":{\"original\":{\"text-align\":\"left\"}}},\"ct_depth\":8}'][ct_span ct_sign_sha256='904b53184f859fa7ae89fd45a364bbfb081d1fbf5e5379f185456e508d89bbc6' ct_options='{\"ct_id\":74,\"ct_parent\":73,\"selector\":\"span-74-95\",\"nicename\":\"po\u010det l\u00f4\u017eok\",\"ct_depth\":9}'][oxygen ct_sign_sha256=\"234cd701c1a7b0817d4e8ecff417667d14d2d3ed93856637346594375748f501\" data=\"acfreparray\" field=\"pocet_lozok\" repeater=\"field_637f62b267978\"][\/ct_span][\/ct_text_block][ct_div_block_8 ct_sign_sha256='e9128d84852496db878d598919d1f7f7f7086bf1694375a3983a9c8ef1db1c8e' ct_options='{\"ct_id\":75,\"ct_parent\":70,\"selector\":\"div_block-75-95\",\"original\":{\"image_type\":\"2\",\"attachment_size\":\"full\",\"margin-top\":\"20\",\"text-align\":\"left\",\"flex-direction\":\"row\",\"display\":\"flex\",\"gap\":\"20\"},\"nicename\":\"container\",\"ct_depth\":8}'][ct_div_block_9 ct_sign_sha256='a69eb60bf290ab0997c77931d761775f3a11a85d39141da25aad33e27bbacf48' ct_options='{\"ct_id\":76,\"ct_parent\":75,\"selector\":\"div_block-76-95\",\"original\":{\"image_type\":\"2\",\"attachment_size\":\"full\",\"flex-direction\":\"column\",\"display\":\"flex\",\"background-color\":\"color(2)\",\"padding-top\":\"12\",\"padding-right\":\"15\",\"padding-bottom\":\"12\",\"padding-left\":\"15\",\"border-radius\":\"12\",\"text-align\":\"left\",\"align-items\":\"center\",\"width\":\"120\",\"gap\":\"5\"},\"nicename\":\"cena bez dph\",\"ct_depth\":9}'][ct_text_block ct_sign_sha256='6834a0ec6b1a82aeee14e15d2274b98e58d96a936b6cd9e466f3c52277f1591e' ct_options='{\"ct_id\":77,\"ct_parent\":76,\"selector\":\"text_block-77-95\",\"original\":{\"image_type\":\"2\",\"attachment_size\":\"full\",\"color\":\"color(3)\",\"font-weight\":\"600\",\"font-size\":\"20\",\"line-height\":\"1\"},\"nicename\":\"text\",\"ct_depth\":10}'][ct_span ct_sign_sha256='b0924085fda891adb7a0d302967eece69fe3c562140d65fab67779e57e1033e5' ct_options='{\"ct_id\":78,\"ct_parent\":77,\"selector\":\"span-78-95\",\"nicename\":\"Span (#120)\",\"ct_depth\":11}'][oxygen ct_sign_sha256=\"507ff5f57fd0d916a5685f45ff7c2176713c6a0966b6d963c7f5254203636fc9\" data=\"acfreparray\" field=\"cena_bez_dph\" repeater=\"field_637f62b267978\"][\/ct_span] \u20ac[\/ct_text_block][ct_text_block ct_sign_sha256='c8ebc32bf8c545c771460772002e94004d651a5fda7cac0c1719dc44a38bfbd3' ct_options='{\"ct_id\":79,\"ct_parent\":76,\"selector\":\"text_block-79-95\",\"original\":{\"image_type\":\"2\",\"attachment_size\":\"full\",\"line-height\":\"1\",\"color\":\"color(3)\"},\"nicename\":\"text\",\"ct_depth\":10}']\u0431\u0435\u0437 \u041d\u0414\u0421[\/ct_text_block][\/ct_div_block_9][ct_div_block_9 ct_sign_sha256='3dea4957d4a36d948888a92c3388635055ad5bc41f5f53b5cff656e5edbecc87' ct_options='{\"ct_id\":80,\"ct_parent\":75,\"selector\":\"div_block-80-95\",\"original\":{\"image_type\":\"2\",\"attachment_size\":\"full\",\"flex-direction\":\"column\",\"display\":\"flex\",\"background-color\":\"color(2)\",\"padding-top\":\"12\",\"padding-right\":\"15\",\"padding-bottom\":\"12\",\"padding-left\":\"15\",\"border-radius\":\"12\",\"text-align\":\"left\",\"align-items\":\"center\",\"width\":\"120\",\"gap\":\"5\"},\"nicename\":\"cena s dph\",\"ct_depth\":9}'][ct_text_block ct_sign_sha256='848287106a4b17d4029dccc2c1a8f2db69cd8137dbcb313fd53952f254eb9cbf' ct_options='{\"ct_id\":81,\"ct_parent\":80,\"selector\":\"text_block-81-95\",\"original\":{\"image_type\":\"2\",\"attachment_size\":\"full\",\"color\":\"color(3)\",\"font-weight\":\"600\",\"font-size\":\"20\",\"line-height\":\"1\"},\"nicename\":\"text\",\"ct_depth\":10}'][ct_span ct_sign_sha256='9ccb6a3530d088174069782cc492602bd5272c297ac59388c4920712a7586246' ct_options='{\"ct_id\":82,\"ct_parent\":81,\"selector\":\"span-82-95\",\"nicename\":\"Span (#154)\",\"ct_depth\":11}'][oxygen ct_sign_sha256=\"7a8fc962566bb2343c2015f0427c8a9de0922463f026480cb4809e9ab13eca24\" data=\"acfreparray\" field=\"cena_s_dph\" repeater=\"field_637f62b267978\"][\/ct_span] \u20ac[\/ct_text_block][ct_text_block ct_sign_sha256='4cceaf21425c4aeac91ec2c23f1de044022db5c88d02fa3c0e0e928cfca7b55b' ct_options='{\"ct_id\":83,\"ct_parent\":80,\"selector\":\"text_block-83-95\",\"original\":{\"image_type\":\"2\",\"attachment_size\":\"full\",\"line-height\":\"1\",\"color\":\"color(3)\"},\"nicename\":\"text\",\"ct_depth\":10}']\u0441 \u041d\u0414\u0421[\/ct_text_block][\/ct_div_block_9][\/ct_div_block_8][\/ct_div_block_7][\/oxy_dynamic_list_6][\/ct_div_block_5][ct_div_block_5 ct_sign_sha256='c8a0be1d98d3f3da5af6b0b3b9f00b4164544859997d68526f781fb203b093b6' ct_options='{\"ct_id\":84,\"ct_parent\":67,\"selector\":\"div_block-84-95\",\"original\":{\"image_type\":\"2\",\"attachment_size\":\"full\",\"width-unit\":\"%\",\"width\":\"100\"},\"nicename\":\"column 2\",\"media\":{\"phone-landscape\":{\"original\":{\"text-align\":\"left\"}}},\"ct_depth\":5}'][oxy_rich_text ct_sign_sha256='7f7771afba307c002d4602cf285cc7bebc1944d40f6840918b48072b1343a318' ct_options='{\"ct_id\":85,\"ct_parent\":84,\"selector\":\"_rich_text-85-95\",\"original\":{\"image_type\":\"2\",\"attachment_size\":\"full\",\"text-align\":\"left\",\"max-width\":\"680\"},\"nicename\":\"text\",\"media\":{\"phone-landscape\":{\"original\":{\"text-align\":\"center\"}}},\"ct_depth\":6}']<p>V pr\u00edpade pred\u010dasn\u00e9ho odchodu za zaplaten\u00fd pobyt finan\u010dn\u00fa \u00fahradu NEVRACIAME.\u00a0<br \/>K cen\u00e1m za ubytovanie sa v zmysle VZN 10\/2014 pripo\u010d\u00edtava DA\u0147 ZA UBYTOVANIE vo v\u00fd\u0161ke 1,50 \u20ac osoba\/noc.<\/p>[\/oxy_rich_text][ct_div_block_6 ct_sign_sha256='4779d8c463bdd279eeb8a850820c55c0651cc55c84bece8e8b2a9e433bd53e06' ct_options='{\"ct_id\":86,\"ct_parent\":84,\"selector\":\"div_block-86-95\",\"classes\":{\"0\":\"oxel_iconlist\"},\"nicename\":\"Icon List\",\"original\":{\"align-items\":\"flex-start\",\"text-align\":\"left\"},\"media\":{\"phone-landscape\":{\"original\":{\"text-align\":\"left\",\"align-items\":\"center\",\"max-width-unit\":\"%\",\"width-unit\":\"%\",\"width\":\"100\"}}},\"ct_depth\":6}'][ct_div_block_7 ct_sign_sha256='42992fd1d74e3288d96748fbebbe0206161a0d500ad7844fd0f959031e43356b' ct_options='{\"ct_id\":87,\"ct_parent\":86,\"selector\":\"div_block-87-95\",\"classes\":{\"0\":\"oxel_iconlist__row\"},\"nicename\":\"Row\",\"original\":{\"display\":\"flex\",\"flex-direction\":\"row\",\"justify-content\":\"flex-start\",\"text-align\":\"center\"},\"ct_depth\":7}'][ct_fancy_icon ct_sign_sha256='9c831084b54f5bbc3ae2f66e48fd71862d4a35ddeafb3a9f4c4f17cc93858c99' ct_options='{\"ct_id\":88,\"ct_parent\":87,\"selector\":\"fancy_icon-88-95\",\"original\":{\"icon-id\":\"FontAwesomeicon-check\"},\"classes\":{\"0\":\"oxel_iconlist__row__icon\",\"1\":\"icon_vyhody\"},\"nicename\":\"Icon (#299)\",\"ct_depth\":8}'][\/ct_fancy_icon][ct_text_block ct_sign_sha256='2c57bc55784eecf590de749bb49b3de960961a8f62cf0acaf3f36004a27d92e1' ct_options='{\"ct_id\":89,\"ct_parent\":87,\"selector\":\"text_block-89-95\",\"classes\":{\"0\":\"oxel_iconlist__row__label\"},\"nicename\":\"Text (#267)\",\"ct_depth\":8}']\u041d\u0430\u0432\u0435\u0440\u0445\u0443 \u0435\u0441\u0442\u044c 2 \u043f\u0440\u0430\u0447\u0435\u0447\u043d\u044b\u0435 \u0438 \u043c\u0438\u043d\u0438-\u043a\u0443\u0445\u043d\u044f.[\/ct_text_block][\/ct_div_block_7][ct_div_block_7 ct_sign_sha256='c024085eb59342f352ce594c1db1b67247516585034f5cc923a6da673c7ec498' ct_options='{\"ct_id\":93,\"ct_parent\":86,\"selector\":\"div_block-93-95\",\"classes\":{\"0\":\"oxel_iconlist__row\"},\"nicename\":\"Row\",\"original\":{\"flex-direction\":\"row\",\"display\":\"flex\",\"justify-content\":\"flex-start\",\"text-align\":\"center\"},\"ct_depth\":7}'][ct_fancy_icon ct_sign_sha256='ee32a8798310c66a75eef34b2ad724c4c763cad086cbe2f220588d08a48b4d5a' ct_options='{\"ct_id\":94,\"ct_parent\":93,\"selector\":\"fancy_icon-94-95\",\"original\":{\"icon-id\":\"FontAwesomeicon-check\"},\"classes\":{\"0\":\"oxel_iconlist__row__icon\",\"1\":\"icon_vyhody\"},\"nicename\":\"Icon (#303)\",\"ct_depth\":8}'][\/ct_fancy_icon][ct_text_block ct_sign_sha256='ae436dbcac368239103c41bbc7e3569b55da58457997e7b1c44f4622565e0a7e' ct_options='{\"ct_id\":95,\"ct_parent\":93,\"selector\":\"text_block-95-95\",\"classes\":{\"0\":\"oxel_iconlist__row__label\"},\"nicename\":\"Text (#273)\",\"ct_depth\":8}']\u041c\u044b \u043f\u0440\u0435\u0434\u043e\u0441\u0442\u0430\u0432\u0438\u043c \u0432\u0430\u043c \u0432 \u0430\u0440\u0435\u043d\u0434\u0443 \u0445\u043e\u043b\u043e\u0434\u0438\u043b\u044c\u043d\u0438\u043a \u0437\u0430 6,00 \u20ac \u0432 \u043a\u0430\u043b\u0435\u043d\u0434\u0430\u0440\u043d\u044b\u0439 \u043c\u0435\u0441\u044f\u0446[\/ct_text_block][\/ct_div_block_7][ct_div_block_7 ct_sign_sha256='c0a802e2bafe417284a0f9300729de1380552091cbcd31190d326df2f69e06c4' ct_options='{\"ct_id\":96,\"ct_parent\":86,\"selector\":\"div_block-96-95\",\"classes\":{\"0\":\"oxel_iconlist__row\",\"1\":\"oxel_iconlist__row--dark\"},\"nicename\":\"Row\",\"original\":{\"flex-direction\":\"row\",\"display\":\"flex\",\"justify-content\":\"flex-start\",\"text-align\":\"center\"},\"ct_depth\":7}'][ct_fancy_icon ct_sign_sha256='6bff5e07dba89bbc1897792617b54606b66b2ca45ff958adab02e71dfa4014a7' ct_options='{\"ct_id\":97,\"ct_parent\":96,\"selector\":\"fancy_icon-97-95\",\"original\":{\"icon-id\":\"FontAwesomeicon-check\"},\"classes\":{\"0\":\"oxel_iconlist__row__icon\",\"1\":\"icon_vyhody\"},\"nicename\":\"Icon (#305)\",\"ct_depth\":8}'][\/ct_fancy_icon][ct_text_block ct_sign_sha256='d389388afd6580934bcff5c93094eca6a96598eb2ef59a3ec79b2bca1c3ba6c1' ct_options='{\"ct_id\":98,\"ct_parent\":96,\"selector\":\"text_block-98-95\",\"classes\":{\"0\":\"oxel_iconlist__row__label\"},\"nicename\":\"Text (#276)\",\"ct_depth\":8}']\u0412\u044b \u0442\u0430\u043a\u0436\u0435 \u043c\u043e\u0436\u0435\u0442\u0435 \u043f\u043e\u043b\u044c\u0437\u043e\u0432\u0430\u0442\u044c\u0441\u044f \u043f\u0440\u0430\u0447\u0435\u0447\u043d\u043e\u0439 \u0437\u0430 2,30 \u20ac \u0432 \u0442\u0435\u0447\u0435\u043d\u0438\u0435 2 \u0447\u0430\u0441\u043e\u0432[\/ct_text_block][\/ct_div_block_7][ct_div_block_7 ct_sign_sha256='770a24dddae2ecd539990eb5ab0d715d9f6d158e2fdc475c613e08d7111e755a' ct_options='{\"ct_id\":99,\"ct_parent\":86,\"selector\":\"div_block-99-95\",\"classes\":{\"0\":\"oxel_iconlist__row\"},\"nicename\":\"Row\",\"original\":{\"flex-direction\":\"row\",\"display\":\"flex\",\"justify-content\":\"flex-start\",\"text-align\":\"center\"},\"ct_depth\":7}'][ct_fancy_icon ct_sign_sha256='a490424c07fc88acfd2ea6d1b0537831cfd93506f4a1fc687647eea277d892cd' ct_options='{\"ct_id\":100,\"ct_parent\":99,\"selector\":\"fancy_icon-100-95\",\"original\":{\"icon-id\":\"FontAwesomeicon-check\"},\"classes\":{\"0\":\"oxel_iconlist__row__icon\",\"1\":\"icon_vyhody\"},\"nicename\":\"Icon (#307)\",\"ct_depth\":8}'][\/ct_fancy_icon][ct_text_block ct_sign_sha256='5545aff26d4782fdf2cca7857678826cf585c7e068912f48dcf4c56e9e6106db' ct_options='{\"ct_id\":101,\"ct_parent\":99,\"selector\":\"text_block-101-95\",\"classes\":{\"0\":\"oxel_iconlist__row__label\"},\"nicename\":\"Text (#279)\",\"ct_depth\":8}']\u041f\u0430\u0440\u043a\u043e\u0432\u043e\u0447\u043d\u043e\u0435 \u043c\u0435\u0441\u0442\u043e (\u043f\u0440\u0438 \u043d\u0430\u043b\u0438\u0447\u0438\u0438)[\/ct_text_block][\/ct_div_block_7][\/ct_div_block_6][\/ct_div_block_5][\/ct_div_block_4][\/ct_div_block_3][\/ct_div_block_2][\/ct_section][ct_reusable ct_sign_sha256='11b83a99c9f8aaa89a31c9279feff60ebe341a8e7a68d7d455d36a4fdc5ffc80' ct_options='{\"view_id\":748,\"selector\":\"reusable-47-95\",\"ct_id\":47,\"ct_parent\":0,\"nicename\":\"obchod\",\"ct_depth\":1}'][\/ct_reusable]","ct_template_type":"","ct_parent_template":0},"acf":[],"_links":{"self":[{"href":"https:\/\/prisluby.ubytovnaprima.sk\/ru\/wp-json\/wp\/v2\/pages\/1673"}],"collection":[{"href":"https:\/\/prisluby.ubytovnaprima.sk\/ru\/wp-json\/wp\/v2\/pages"}],"about":[{"href":"https:\/\/prisluby.ubytovnaprima.sk\/ru\/wp-json\/wp\/v2\/types\/page"}],"author":[{"embeddable":true,"href":"https:\/\/prisluby.ubytovnaprima.sk\/ru\/wp-json\/wp\/v2\/users\/2"}],"replies":[{"embeddable":true,"href":"https:\/\/prisluby.ubytovnaprima.sk\/ru\/wp-json\/wp\/v2\/comments?post=1673"}],"version-history":[{"count":2,"href":"https:\/\/prisluby.ubytovnaprima.sk\/ru\/wp-json\/wp\/v2\/pages\/1673\/revisions"}],"predecessor-version":[{"id":1866,"href":"https:\/\/prisluby.ubytovnaprima.sk\/ru\/wp-json\/wp\/v2\/pages\/1673\/revisions\/1866"}],"up":[{"embeddable":true,"href":"https:\/\/prisluby.ubytovnaprima.sk\/ru\/wp-json\/wp\/v2\/pages\/1699"}],"wp:attachment":[{"href":"https:\/\/prisluby.ubytovnaprima.sk\/ru\/wp-json\/wp\/v2\/media?parent=1673"}],"curies":[{"name":"wp","href":"https:\/\/api.w.org\/{rel}","templated":true}]}}