{"id":2400,"date":"2023-12-11T21:07:16","date_gmt":"2023-12-11T20:07:16","guid":{"rendered":"https:\/\/old.ubytovnaprima.sk\/?page_id=2400"},"modified":"2024-04-13T16:35:12","modified_gmt":"2024-04-13T14:35:12","slug":"client-zone-kopia","status":"publish","type":"page","link":"https:\/\/prisluby.ubytovnaprima.sk\/en\/client-zone-kopia\/","title":{"rendered":"Admin Zone"},"content":{"rendered":"","protected":false},"excerpt":{"rendered":"","protected":false},"author":1,"featured_media":0,"parent":0,"menu_order":0,"comment_status":"closed","ping_status":"closed","template":"","meta":{"ct_builder_shortcodes":"[ct_section ct_sign_sha256='f0d812ce643c62afcc05bde3123d4c32d84df5f15f47646d01ced3356463dcdd' ct_options='{\"ct_id\":448,\"ct_parent\":0,\"selector\":\"section-448-2029\",\"original\":{\"image_type\":\"2\",\"attachment_size\":\"full\",\"container-padding-top\":\"0\",\"container-padding-right\":\"0\",\"container-padding-bottom\":\"0\",\"container-padding-left\":\"0\"},\"nicename\":\"Section (#448)\",\"activeselector\":false,\"ct_depth\":1}'][ct_div_block_2 ct_sign_sha256='5a396898f94831fc1e0d2da962eca138ea14104512846898fb7dddfef5a41fa8' ct_options='{\"ct_id\":449,\"ct_parent\":448,\"selector\":\"div_block-449-2029\",\"original\":{\"image_type\":\"2\",\"attachment_size\":\"full\",\"width\":\"100\",\"width-unit\":\"%\",\"flex-direction\":\"row\",\"display\":\"flex\",\"align-items\":\"center\",\"justify-content\":\"center\"},\"nicename\":\"Div (#447)\",\"activeselector\":false,\"ct_depth\":2}'][oxy_nav_menu ct_sign_sha256='ef7b070753015f273a01e78a9d6689ad94078033be68e4cbf485b3e63938f1a9' ct_options='{\"ct_id\":450,\"ct_parent\":449,\"selector\":\"_nav_menu-450-2029\",\"original\":{\"menu_responsive\":\"page-width\",\"menu_responsive_padding_size\":\"0\",\"menu_responsive_icon_size\":\"40\",\"menu_responsive_icon_margin\":\"10\",\"dropdowns\":\"on\",\"menu_dropdown_arrow\":\"on\",\"menu_padding-top\":\"20\",\"menu_padding-left\":\"15\",\"menu_padding-right\":\"15\",\"menu_padding-bottom\":\"20\",\"menu_hover_background-color\":\"#eeeeee\",\"menu_hover_border-top-width\":\"0\",\"menu_flex-direction\":\"row\",\"image_type\":\"2\",\"attachment_size\":\"full\",\"menu_id\":\"64\",\"menu_color\":\"color(1)\",\"menu_text-transform\":\"uppercase\",\"menu_font-weight\":\"600\",\"menu_hover_color\":\"color(2)\",\"menu_active_color\":\"color(2)\",\"menu_hover_border-bottom-width\":\"3\",\"menu_active_border-top-width\":\"0\",\"menu_active_border-bottom-width\":\"3\",\"menu_margin-bottom\":\"-4\"},\"nicename\":\"Menu (#446)\",\"ct_nav_menu\":\"true\",\"hover\":{\"menu_background-color\":\"#eeeeee\",\"menu_border-top-width\":\"0\",\"menu_color\":\"color(2)\",\"menu_border-bottom-width\":\"3\"},\"activeselector\":false,\"ct_depth\":3}'][\/oxy_nav_menu][\/ct_div_block_2][\/ct_section][ct_section ct_sign_sha256='7126476dc81af662ec01377b26b13a3d08e2cc1a04e6942f2ef9dea66eaa76ae' ct_options='{\"ct_id\":3,\"ct_parent\":0,\"selector\":\"section-3-52\",\"original\":{\"image_type\":\"2\",\"attachment_size\":\"full\",\"gap\":\"15\",\"background-color\":\"color(7)\",\"container-padding-bottom\":\"0\"},\"nicename\":\"nadpis\",\"activeselector\":false,\"ct_depth\":1}'][ct_div_block_2 ct_sign_sha256='df86b97c54a4e065701f41e38b79918f70dc636fef9221fe0fea320de0ddc56f' ct_options='{\"ct_id\":4,\"ct_parent\":3,\"selector\":\"div_block-4-52\",\"original\":{\"image_type\":\"2\",\"attachment_size\":\"full\",\"width-unit\":\"%\",\"width\":\"100\",\"align-items\":\"center\",\"flex-direction\":\"row\",\"display\":\"flex\",\"justify-content\":\"center\",\"gap\":\"10\"},\"nicename\":\"container\",\"media\":{\"tablet\":{\"original\":{\"text-align\":\"center\",\"flex-direction\":\"column\",\"display\":\"flex\"}}},\"ct_depth\":2}'][ct_text_block ct_sign_sha256='1f09e5eaef1aecd1211f131fac6facbd582fcede1679802f53c8d9d652853d5a' ct_options='{\"ct_id\":5,\"ct_parent\":4,\"selector\":\"text_block-5-52\",\"original\":{\"image_type\":\"2\",\"attachment_size\":\"full\",\"font-size\":\"40\",\"text-transform\":\"uppercase\",\"font-weight\":\"700\",\"line-height\":\"1\",\"color\":\"color(2)\"},\"nicename\":\"text\",\"media\":{\"tablet\":{\"original\":{\"font-size\":\"35\"}},\"phone-portrait\":{\"original\":{\"font-size\":\"25\"}}},\"ct_depth\":3}'][ct_span ct_sign_sha256='b709cba235c66a6a53e0b4c48a188846d6b6bd9ec1863fc36cc32914a88d492a' ct_options='{\"ct_id\":6,\"ct_parent\":5,\"selector\":\"span-6-2029\",\"nicename\":\"Span (#6)\",\"ct_depth\":4}'][oxygen ct_sign_sha256=\"7906ebd3970c80b07c2f275a0d95d807238c676e414e108485c5dae1bec85f9a\" data=\"title\"][\/ct_span] - B2B[\/ct_text_block][\/ct_div_block_2][\/ct_section][ct_section ct_sign_sha256='bddabe6643363f041ee16d1937fc84ecd89a6879b8f53aefe622f779d159b95a' ct_options='{\"ct_id\":69,\"ct_parent\":0,\"selector\":\"section-69-52\",\"original\":{\"image_type\":\"2\",\"attachment_size\":\"full\",\"background-color\":\"color(7)\",\"container-padding-bottom\":\"400\"},\"nicename\":\"slu\u017eby\",\"activeselector\":false,\"media\":{\"tablet\":{\"original\":{\"align-items\":\"center\",\"text-align\":\"center\"}},\"page-width\":{\"original\":{\"text-align\":\"left\",\"align-items\":\"center\"}}},\"ct_depth\":1}'][ct_div_block_2 ct_sign_sha256='2ae4446ee1811e52173e3863f22e1f92323fdfaf63bb5aaa8cd0577f996bb902' ct_options='{\"ct_id\":70,\"ct_parent\":69,\"selector\":\"div_block-70-52\",\"original\":{\"image_type\":\"2\",\"attachment_size\":\"full\",\"width-unit\":\"%\",\"flex-direction\":\"row\",\"display\":\"flex\",\"justify-content\":\"space-between\",\"background-size\":\"contain\",\"background-repeat\":\"no-repeat\",\"background-position-left-unit\":\"%\",\"background-position-left\":\"100\",\"padding-top\":\"0\",\"padding-left\":\"0\",\"padding-right\":\"0\",\"padding-bottom\":\"0\",\"align-items\":\"center\"},\"nicename\":\"row\",\"classes\":{\"0\":\"white-box\",\"1\":\"max-width\"},\"media\":{\"page-width\":{\"original\":{\"overlay-color\":\"color(3)\"}},\"phone-portrait\":{\"original\":{\"flex-direction\":\"row\",\"display\":\"flex\",\"text-align\":\"justify\",\"justify-content\":\"center\"}}},\"ct_depth\":2}'][ct_div_block_3 ct_sign_sha256='8ced13d70cc321a36519a5cedfe8b8c89bfa02437d9c2ab440a092bf3990d20a' ct_options='{\"ct_id\":71,\"ct_parent\":70,\"selector\":\"div_block-71-52\",\"original\":{\"image_type\":\"2\",\"attachment_size\":\"full\",\"padding-top\":\"30\",\"padding-right\":\"30\",\"padding-bottom\":\"30\",\"padding-left\":\"30\",\"gap\":\"10\",\"max-width\":\"715\",\"width-unit\":\"%\",\"width\":\"90\"},\"nicename\":\"column 1\",\"activeselector\":false,\"media\":{\"page-width\":{\"original\":{\"max-width\":\"100\",\"max-width-unit\":\"%\",\"text-align\":\"left\"}},\"phone-landscape\":{\"original\":{\"text-align\":\"left\",\"align-items\":\"center\"}}},\"ct_depth\":3}'][ct_headline ct_sign_sha256='c31ef9e378e40b9606b04fc8dadba4259ec5f3dd851f5bfc124bb8772299e36e' ct_options='{\"ct_id\":72,\"ct_parent\":71,\"selector\":\"headline-72-52\",\"original\":{\"image_type\":\"2\",\"attachment_size\":\"full\",\"tag\":\"h2\"},\"nicename\":\"title\",\"classes\":{\"0\":\"title\"},\"media\":{\"phone-portrait\":{\"original\":{\"text-align\":\"center\"}}},\"ct_depth\":4}']ADmin portal for employees - Hostel prima[\/ct_headline][oxy_rich_text ct_sign_sha256='e37877812de949906a76332be4fe62bbe6a9b9cfc40c93e4666de10e2ca486b7' ct_options='{\"ct_id\":73,\"ct_parent\":71,\"selector\":\"_rich_text-73-52\",\"original\":{\"image_type\":\"2\",\"attachment_size\":\"full\",\"max-width\":\"550\",\"margin-bottom\":\"-20\"},\"nicename\":\"text\",\"activeselector\":\"\",\"media\":{\"phone-landscape\":{\"original\":{\"text-align\":\"center\"}}},\"ct_depth\":4}']<p>V\u00e1\u017een\u00fd kolegovia,\u00a0<\/p><p>admin rozhranie pros\u00edm pou\u017e\u00edvajte a\u017e po prihl\u00e1sen\u00ed do syst\u00e9mu nasledovne:<\/p><ol><li>www.ubytovnaprima.sk\/wp-admin\/<\/li><li>prihl\u00e1si\u0165 sa emailom a heslom<\/li><li>prejs\u0165 nasp\u00e4\u0165 na www.ubytovnaprima.sk\/admin\/<\/li><\/ol><p>\u010eakujem. J<\/p>[\/oxy_rich_text][\/ct_div_block_3][\/ct_div_block_2][\/ct_section][ct_section ct_sign_sha256='45bf35605feca8feb1ea0813c0177edd8f7de08e698ac49731e7b3ed7a48ed74' ct_options='{\"ct_id\":379,\"ct_parent\":0,\"selector\":\"section-379-1055\",\"original\":{\"image_type\":\"2\",\"attachment_size\":\"full\",\"section-width\":\"page-width\",\"width-unit\":\"px\",\"text-align\":\"left\",\"align-items\":\"center\",\"background-color\":\"color(3)\",\"custom-css\":\"ZGlzcGxheTpub25lOw==\"},\"nicename\":\"Tlaicdla\",\"activeselector\":false,\"classes\":{},\"media\":{\"tablet\":{\"original\":{\"text-align\":\"left\",\"align-items\":\"center\"}}},\"ct_depth\":1}'][ct_headline ct_sign_sha256='dd6239b2162ec13b0f7596430dc9810740a5e96e0ac1e6b18a86704632dacbae' ct_options='{\"ct_id\":380,\"ct_parent\":379,\"selector\":\"headline-380-1055\",\"original\":{\"image_type\":\"2\",\"attachment_size\":\"full\"},\"nicename\":\"Heading (#94)\",\"activeselector\":false,\"ct_depth\":2}']NEWS<br>[\/ct_headline][oxy_posts_grid ct_sign_sha256='eda69162f8a892ab10bfe6006bcc613e9077a1384e27eae63d89f6cfb10b67ae' ct_options='{\"ct_id\":398,\"ct_parent\":379,\"selector\":\"_posts_grid-398-1055\",\"original\":{\"gradient\":{\"colors\":{}},\"code-php\":\"PGRpdiBjbGFzcz0nb3h5LXBvc3QnPgogIAogIAk8ZGl2IGNsYXNzPSdveHktcG9zdC10aXRsZS1yb3cnPgoKICAKICAJPGEgY2xhc3M9J294eS1wb3N0LXRpdGxlJyBocmVmPSc8P3BocCB0aGVfcGVybWFsaW5rKCk7ID8+Jz48P3BocCB0aGVfdGl0bGUoKTsgPz48L2E+CiAgCTwvZGl2PgogICAgICAKIDxkaXYgY2xhc3M9J294eS1wb3N0LWRhdGUnPgoJCTxzdHJvbmc+PD9waHAgdGhlX3RpbWUoZ2V0X29wdGlvbignZGF0ZV9mb3JtYXQnKSk7ID8+PC9zdHJvbmc+Cgk8L2Rpdj48YnI+Cgk8ZGl2IGNsYXNzPSdveHktcG9zdC1jb250ZW50Jz4KCQk8P3BocCBlY2hvIHN1YnN0cihnZXRfdGhlX2V4Y2VycHQoKSwgMCwgMTUwKSAuICIuLi4iOyA\/PgoJPC9kaXY+CgoKCiAgICA8YSBocmVmPSc8P3BocCB0aGVfcGVybWFsaW5rKCk7ID8+JyBjbGFzcz0nb3h5LXJlYWQtbW9yZSc+VmlhYzwvYT4KCgo8L2Rpdj4=\",\"code-css\":\"JSVFUElEJSUgLm94eS1wb3N0IHsKICBkaXNwbGF5OiBmbGV4OwogIGZsZXgtZGlyZWN0aW9uOiBjb2x1bW47CiAgdGV4dC1hbGlnbjogbGVmdDsKICBhbGlnbi1pdGVtczogZmxleC1zdGFydDsKICB3aWR0aDogMTAwJTsKICBiYWNrZ3JvdW5kLXNpemU6IGNvdmVyOwogIGJhY2tncm91bmQtcG9zaXRpb246IGNlbnRlciBjZW50ZXI7CiAgcGFkZGluZzogMnJlbTsKICBiYWNrZ3JvdW5kLWNvbG9yOiAjZTVlM2UzOwp9CgolJUVQSUQlJSAub3h5LXBvc3QtdGl0bGUtcm93IHsKIGRpc3BsYXk6IGZsZXg7CiBmbGV4LWRpcmVjdGlvbjogcm93OwogYWxpZ24taXRlbXM6IGZsZXgtc3RhcnQ7CiBtYXJnaW4tYm90dG9tOiAxcmVtOwp9CgolJUVQSUQlJSAub3h5LXBvc3QtaW1hZ2Ugewogd2lkdGg6IDUwcHg7CiBoZWlnaHQ6IDUwcHg7CiBib3JkZXItcmFkaXVzOiA1MCU7CiBiYWNrZ3JvdW5kLXNpemU6IGNvdmVyOwogZmxleC1zaHJpbms6IDA7Cn0KCiUlRVBJRCUlIC5veHktcG9zdC10aXRsZSB7CiAgZm9udC1zaXplOiAxLjVyZW07CiAgbGluZS1oZWlnaHQ6IDEuNzVyZW07CiAgbWFyZ2luLWxlZnQ6IDByZW07Cn0KCiUlRVBJRCUlIC5veHktcmVhZC1tb3JlIHsKIG1hcmdpbi10b3A6IGF1dG87CiBtYXJnaW4tbGVmdDogYXV0bzsKIGJvcmRlci1yYWRpdXM6IDBweDsKfQoKJSVFUElEJSUgLm94eS1lYXN5LXBvc3RzLXBhZ2VzIHsKIG1hcmdpbi10b3A6IDE2cHg7CiBwYWRkaW5nOiAxNnB4IDhweDsKfQoKJSVFUElEJSUgLm94eS1lYXN5LXBvc3RzLXBhZ2VzIC5wYWdlLW51bWJlcnMgewogcGFkZGluZzogOHB4IDEycHg7CiBiYWNrZ3JvdW5kLWNvbG9yOiAjZjJmMmYyOwogY29sb3I6IGJsYWNrOwp9CgpAbWVkaWEgKG1heC13aWR0aDogNDgwcHgpIHsKICUlRVBJRCUlIC5veHktZWFzeS1wb3N0cy1wYWdlcyAucGFnZS1udW1iZXJzIHsKICAgbGluZS1oZWlnaHQ6IDNyZW07CiAgfQp9CgolJUVQSUQlJSAub3h5LWVhc3ktcG9zdHMtcGFnZXMgLnBhZ2UtbnVtYmVycy5jdXJyZW50IHsKIGJhY2tncm91bmQtY29sb3I6ICM3MmYxY2M7Cn0KCiUlRVBJRCUlIC5veHktZWFzeS1wb3N0cy1wYWdlcyAucGFnZS1udW1iZXJzOmhvdmVyIHsKIGJhY2tncm91bmQtY29sb3I6ICM3MmYxY2M7IAp9\",\"title_size\":\"\",\"title_size-unit\":\"px\",\"title_color\":\"#000000\",\"title_hover_color\":\"#333333\",\"meta_size\":\"\",\"meta_size-unit\":\"px\",\"meta_color\":\"\",\"content_size\":\"\",\"content_size-unit\":\"px\",\"content_color\":\"\",\"read_more_display_as\":\"button\",\"read_more_size\":\"0.8\",\"read_more_size-unit\":\"rem\",\"read_more_text_color\":\"color(3)\",\"read_more_text_hover_color\":\"\",\"read_more_button_color\":\"color(1)\",\"read_more_button_hover_color\":\"color(16)\",\"paginate_color\":\"\",\"paginate_alignment\":\"center\",\"paginate_link_color\":\"\",\"paginate_link_hover_color\":\"\",\"posts_5050_below\":\"never\",\"posts_100_below\":\"never\",\"grid-column-gap\":\"16\",\"grid-row-gap\":\"16\",\"grid-match-height-of-tallest-child\":\"true\",\"grid-child-rules\":{},\"display\":\"flex\",\"wp_query\":\"custom\",\"query_post_types\":{\"0\":\"post\"},\"background-size\":\"cover\",\"flex-direction\":\"grid\",\"padding-top\":\"32\",\"padding-left\":\"32\",\"padding-right\":\"32\",\"padding-bottom\":\"32\",\"grid-column-count\":\"auto-fit\",\"grid-column-min-width\":\"250\",\"query_order_by\":\"date\",\"query_count\":\"6\",\"query_all_posts\":\"false\"},\"nicename\":\"Easy Posts (#398)\",\"activeselector\":false,\"ct_depth\":2}'][\/oxy_posts_grid][\/ct_section][ct_section ct_sign_sha256='fee4276b720f8feeff8aeefc49ba43d347572cbed378ad513a40eceb50b300c6' ct_options='{\"ct_id\":8,\"ct_parent\":0,\"selector\":\"section-8-52\",\"original\":{\"image_type\":\"2\",\"attachment_size\":\"full\",\"text-align\":\"left\",\"align-items\":\"center\",\"background-color\":\"color(3)\",\"section-width\":\"custom\",\"width-unit\":\"px\",\"container-padding-top\":\"40\",\"custom-width-unit\":\"%\",\"custom-width\":\"90\",\"custom-css\":\"ZGlzcGxheTpub25lOw==\"},\"nicename\":\"formul\u00e1r\",\"activeselector\":false,\"media\":{\"tablet\":{\"original\":{\"align-items\":\"center\",\"text-align\":\"left\"}},\"phone-portrait\":{\"original\":{\"align-items\":\"center\",\"text-align\":\"center\"}}},\"classes\":{},\"ct_depth\":1}'][ct_new_columns_2 ct_sign_sha256='aa5f65ee4192e6e6610cb557d90f6058003af893a66704a3125df9329c560c0e' ct_options='{\"ct_id\":431,\"ct_parent\":8,\"selector\":\"new_columns-431-1055\",\"original\":{\"image_type\":\"2\",\"attachment_size\":\"full\"},\"nicename\":\"Columns (#431)\",\"activeselector\":false,\"ct_depth\":2}'][ct_div_block_2 ct_sign_sha256='3f681f46346c1598cc97c0781a9ade844c63e201ebda674c8f47f077bdb9db1a' ct_options='{\"ct_id\":441,\"ct_parent\":431,\"selector\":\"div_block-441-1055\",\"original\":{\"image_type\":\"2\",\"attachment_size\":\"full\",\"width\":\"100.00\",\"width-unit\":\"%\",\"text-align\":\"left\",\"align-items\":\"center\"},\"nicename\":\"Div (#441)\",\"activeselector\":false,\"media\":{\"phone-portrait\":{\"original\":{\"width\":\"111\"}}},\"ct_depth\":2}'][ct_headline ct_sign_sha256='b69fbf89a1f3a5b886aae90a8ec262a0d2248135da3b1757c4972183b0427cef' ct_options='{\"ct_id\":442,\"ct_parent\":441,\"selector\":\"headline-442-1055\",\"original\":{\"image_type\":\"2\",\"attachment_size\":\"full\"},\"nicename\":\"Heading (#112)\",\"activeselector\":false,\"media\":{\"phone-portrait\":{\"original\":{\"text-align\":\"center\"}}},\"ct_depth\":3}']General contact form[\/ct_headline][ct_shortcode ct_sign_sha256='0323022883f0903265f2d9f047033ac36ac4b47e221ef6eda19cbd9f10c4a63e' ct_options='{\"ct_id\":443,\"ct_parent\":441,\"selector\":\"shortcode-443-1055\",\"original\":{\"image_type\":\"2\",\"attachment_size\":\"full\",\"full_shortcode\":true,\"width-unit\":\"%\"},\"nicename\":\"shortcode\",\"activeselector\":false,\"ct_shortcode\":\"true\",\"media\":{\"phone-portrait\":{\"original\":{\"width-unit\":\"%\",\"width\":\"120\"}}},\"ct_depth\":3}'][gravityform id=\"20\" title=\"true\"][\/ct_shortcode][\/ct_div_block_2][\/ct_new_columns_2][\/ct_section]","ct_template_type":"","ct_parent_template":0},"acf":[],"_links":{"self":[{"href":"https:\/\/prisluby.ubytovnaprima.sk\/en\/wp-json\/wp\/v2\/pages\/2400"}],"collection":[{"href":"https:\/\/prisluby.ubytovnaprima.sk\/en\/wp-json\/wp\/v2\/pages"}],"about":[{"href":"https:\/\/prisluby.ubytovnaprima.sk\/en\/wp-json\/wp\/v2\/types\/page"}],"author":[{"embeddable":true,"href":"https:\/\/prisluby.ubytovnaprima.sk\/en\/wp-json\/wp\/v2\/users\/1"}],"replies":[{"embeddable":true,"href":"https:\/\/prisluby.ubytovnaprima.sk\/en\/wp-json\/wp\/v2\/comments?post=2400"}],"version-history":[{"count":2,"href":"https:\/\/prisluby.ubytovnaprima.sk\/en\/wp-json\/wp\/v2\/pages\/2400\/revisions"}],"predecessor-version":[{"id":2405,"href":"https:\/\/prisluby.ubytovnaprima.sk\/en\/wp-json\/wp\/v2\/pages\/2400\/revisions\/2405"}],"wp:attachment":[{"href":"https:\/\/prisluby.ubytovnaprima.sk\/en\/wp-json\/wp\/v2\/media?parent=2400"}],"curies":[{"name":"wp","href":"https:\/\/api.w.org\/{rel}","templated":true}]}}